{"id":62,"date":"2019-08-26T19:40:11","date_gmt":"2019-08-26T19:40:11","guid":{"rendered":"http:\/\/yogaluebeck.com\/?page_id=62"},"modified":"2019-09-06T06:09:22","modified_gmt":"2019-09-06T06:09:22","slug":"yoga-im-einzelunterricht","status":"publish","type":"page","link":"https:\/\/yogaluebeck.com\/?page_id=62","title":{"rendered":"YOGA IM EINZELUNTERRICHT"},"content":{"rendered":"\n<div class=\"wp-block-image\"><figure class=\"aligncenter is-resized\"><img data-recalc-dims=\"1\" loading=\"lazy\" decoding=\"async\" src=\"https:\/\/i0.wp.com\/yogaluebeck.com\/wp-content\/uploads\/2019\/08\/Foto-2.jpg?resize=972%2C648&#038;ssl=1\" alt=\"\" class=\"wp-image-214\" width=\"972\" height=\"648\" srcset=\"https:\/\/i0.wp.com\/yogaluebeck.com\/wp-content\/uploads\/2019\/08\/Foto-2.jpg?resize=1024%2C682&amp;ssl=1 1024w, https:\/\/i0.wp.com\/yogaluebeck.com\/wp-content\/uploads\/2019\/08\/Foto-2.jpg?resize=300%2C200&amp;ssl=1 300w, https:\/\/i0.wp.com\/yogaluebeck.com\/wp-content\/uploads\/2019\/08\/Foto-2.jpg?resize=768%2C512&amp;ssl=1 768w, https:\/\/i0.wp.com\/yogaluebeck.com\/wp-content\/uploads\/2019\/08\/Foto-2.jpg?w=1772&amp;ssl=1 1772w\" sizes=\"auto, (max-width: 972px) 100vw, 972px\" \/><\/figure><\/div>\n\n\n\n<p style=\"font-size:24px;text-align:center\" class=\"has-text-color has-very-dark-gray-color\">YOGA IM EINZELUNTERRICHT<\/p>\n\n\n\n<hr class=\"wp-block-separator is-style-wide\"\/>\n\n\n\n<p style=\"font-size:24px;text-align:left\" class=\"has-text-color has-very-dark-gray-color\">Begleitung f\u00fcr das Yoga \u00dcben zuhause<\/p>\n\n\n\n<p class=\"has-medium-font-size\">Im Einzelunterricht wird f\u00fcr Sie eine \u00dcbungspraxis erarbeitet, die Sie selbst\u00e4ndig zuhause \u00fcben k\u00f6nnen und die ganz abgestimmt ist auf Ihre pers\u00f6nlichen Ziele und auf Ihre besonderen M\u00f6glichkeiten oder auch Einschr\u00e4nkungen. <\/p>\n\n\n\n<p class=\"has-medium-font-size\">Im Sinne einer Gesundheitsvorsorge kann Ihre regelm\u00e4\u00dfige Yogapraxis einen wertvollen Beitrag leisten. Sie schulen Ihr K\u00f6rperbewusstsein und verbessern Ihre Eigenwahrnehmung. So nehmen Sie feiner wahr, wenn Ihr k\u00f6rperliches oder seelisches Gleichgewicht verloren geht und k\u00f6nnen gegensteuern.<br>Sie erreichen durch das regelm\u00e4\u00dfige \u00dcben mehr Beweglichkeit, Kraft und Vitalit\u00e4t.\u00a0 Sie profitieren in Form einer verbesserten K\u00f6rperhaltung und freierer Atmung. Sie finden leichter Abstand und Ausgleich zu einem fordernden Alltag in Beruf oder Familie.\u00a0<\/p>\n\n\n\n<p style=\"font-size:24px\" class=\"has-text-color has-very-dark-gray-color\">Begleitung bei gesundheitlichen Anliegen &#8211; Yogatherapie&nbsp;<\/p>\n\n\n\n<p class=\"has-medium-font-size\">Ein individuell zugeschnittenes Yogaprogramm kann zur Unterst\u00fctzung von Heilungsprozessen dienen.<br>Durch das regelm\u00e4\u00dfige \u00dcben erh\u00e4lt der K\u00f6rper wertvolle Impulse zur Neuordnung und wird in seiner F\u00e4higkeit zur Selbstheilung gest\u00e4rkt. Seele und Geist erfahren ein Mehr an Sammlung und Ruhe, sodass die t\u00e4gliche \u00dcbungspraxis zu einer Quelle von Kraft werden kann bei der Bew\u00e4ltigung einer Krankheit oder in einer herausfordernden Lebenssituation. Gesundheitsf\u00f6rdernde Wirkungen des Yoga bei Bluthochdruck, R\u00fcckenschmerzen, Depression u.a.m. sind inzwischen durch Studien belegt.&nbsp;<\/p>\n\n\n\n<p style=\"font-size:24px\" class=\"has-text-color has-very-dark-gray-color\">Wie l\u00e4uft eine Begleitung im Yoga ab?<\/p>\n\n\n\n<p class=\"has-medium-font-size\">Eine Begleitung f\u00fcr das \u00dcben zuhause umfasst in der Regel 4 \u2013 5 Termine, die sich \u00fcber ca. 4 Monate verteilen. <br>Nach einer Erstkonsultation folgt die 2. Stunde nach 10 bis 14 Tagen.<br>Stunde 3 und 4 folgen in ca. 4-w\u00f6chigem Abstand.<br>Nach dem 5. Termin kann das Programm einen guten Stand gefunden haben, mit dem dann allein weiterge\u00fcbt wird.<br>In jeder Unterrichtsstunde wird die \u00dcbungsabfolge ge\u00fcbt, genau erkl\u00e4rt und kontrolliert und zuletzt auch schriftlich festgehalten. Ihre beim \u00dcben jedes Mal gemachten Erfahrungen flie\u00dfen in die Weiterentwicklung Ihres Programmes ein. So entsteht eine ganz auf Sie abgestimmte \u00dcbungspraxis, die Wirkung zeigt und an der Sie Freude haben. <br><br>Weitere Termine k\u00f6nnen folgen, wenn sich Bedingungen ver\u00e4ndert haben oder der Wunsch nach neuen Anregungen besteht.&nbsp; &nbsp; &nbsp; &nbsp; &nbsp; &nbsp; &nbsp; &nbsp; &nbsp; &nbsp; &nbsp; &nbsp; &nbsp; &nbsp; &nbsp; &nbsp; &nbsp; &nbsp; &nbsp; &nbsp; &nbsp; &nbsp; &nbsp; &nbsp; &nbsp; &nbsp; &nbsp; &nbsp; &nbsp; &nbsp; &nbsp; &nbsp; &nbsp; &nbsp; &nbsp; &nbsp; &nbsp; &nbsp; &nbsp; &nbsp; &nbsp; &nbsp; &nbsp; &nbsp; &nbsp; &nbsp; &nbsp; &nbsp; &nbsp; &nbsp; &nbsp; &nbsp; &nbsp; &nbsp; &nbsp; &nbsp; &nbsp; &nbsp; &nbsp; &nbsp; &nbsp; &nbsp;<\/p>\n","protected":false},"excerpt":{"rendered":"<p>YOGA IM EINZELUNTERRICHT Begleitung f\u00fcr das Yoga \u00dcben zuhause Im Einzelunterricht wird f\u00fcr Sie eine \u00dcbungspraxis erarbeitet, die Sie selbst\u00e4ndig zuhause \u00fcben k\u00f6nnen und die ganz abgestimmt ist auf Ihre pers\u00f6nlichen Ziele und auf Ihre besonderen M\u00f6glichkeiten oder auch Einschr\u00e4nkungen. Im Sinne einer Gesundheitsvorsorge kann Ihre regelm\u00e4\u00dfige Yogapraxis einen wertvollen Beitrag leisten. Sie schulen Ihr [&hellip;]<\/p>\n","protected":false},"author":1,"featured_media":0,"parent":0,"menu_order":0,"comment_status":"closed","ping_status":"closed","template":"","meta":{"footnotes":""},"class_list":["post-62","page","type-page","status-publish","hentry","entry"],"jetpack_sharing_enabled":true,"_links":{"self":[{"href":"https:\/\/yogaluebeck.com\/index.php?rest_route=\/wp\/v2\/pages\/62","targetHints":{"allow":["GET"]}}],"collection":[{"href":"https:\/\/yogaluebeck.com\/index.php?rest_route=\/wp\/v2\/pages"}],"about":[{"href":"https:\/\/yogaluebeck.com\/index.php?rest_route=\/wp\/v2\/types\/page"}],"author":[{"embeddable":true,"href":"https:\/\/yogaluebeck.com\/index.php?rest_route=\/wp\/v2\/users\/1"}],"replies":[{"embeddable":true,"href":"https:\/\/yogaluebeck.com\/index.php?rest_route=%2Fwp%2Fv2%2Fcomments&post=62"}],"version-history":[{"count":43,"href":"https:\/\/yogaluebeck.com\/index.php?rest_route=\/wp\/v2\/pages\/62\/revisions"}],"predecessor-version":[{"id":456,"href":"https:\/\/yogaluebeck.com\/index.php?rest_route=\/wp\/v2\/pages\/62\/revisions\/456"}],"wp:attachment":[{"href":"https:\/\/yogaluebeck.com\/index.php?rest_route=%2Fwp%2Fv2%2Fmedia&parent=62"}],"curies":[{"name":"wp","href":"https:\/\/api.w.org\/{rel}","templated":true}]}}