{"id":111,"date":"2019-08-27T07:12:32","date_gmt":"2019-08-27T07:12:32","guid":{"rendered":"http:\/\/yogaluebeck.com\/?page_id=111"},"modified":"2019-09-05T11:47:22","modified_gmt":"2019-09-05T11:47:22","slug":"ueben","status":"publish","type":"page","link":"https:\/\/yogaluebeck.com\/?page_id=111","title":{"rendered":"SEMINARE | SUPERVISION"},"content":{"rendered":"\n<div class=\"wp-block-image\"><figure class=\"aligncenter is-resized\"><img data-recalc-dims=\"1\" loading=\"lazy\" decoding=\"async\" src=\"https:\/\/i0.wp.com\/yogaluebeck.com\/wp-content\/uploads\/2019\/08\/Foto-5.jpg?resize=972%2C648&#038;ssl=1\" alt=\"\" class=\"wp-image-226\" width=\"972\" height=\"648\" srcset=\"https:\/\/i0.wp.com\/yogaluebeck.com\/wp-content\/uploads\/2019\/08\/Foto-5.jpg?resize=1024%2C683&amp;ssl=1 1024w, https:\/\/i0.wp.com\/yogaluebeck.com\/wp-content\/uploads\/2019\/08\/Foto-5.jpg?resize=300%2C200&amp;ssl=1 300w, https:\/\/i0.wp.com\/yogaluebeck.com\/wp-content\/uploads\/2019\/08\/Foto-5.jpg?resize=768%2C512&amp;ssl=1 768w, https:\/\/i0.wp.com\/yogaluebeck.com\/wp-content\/uploads\/2019\/08\/Foto-5.jpg?w=1417&amp;ssl=1 1417w\" sizes=\"auto, (max-width: 972px) 100vw, 972px\" \/><\/figure><\/div>\n\n\n\n<p style=\"font-size:24px;text-align:center\" class=\"has-text-color has-very-dark-gray-color\">SEMINARE | SUPERVISION<\/p>\n\n\n\n<hr class=\"wp-block-separator is-style-wide\"\/>\n\n\n\n<p style=\"font-size:24px\">Seminare<\/p>\n\n\n\n<p class=\"has-medium-font-size\">Ich biete als Referentin Wochenend- und Tagesseminare an f\u00fcr Yoga-Schulen, Yoga-Ausbildungsinstitute und Gruppen von Yogalehrenden zu folgenden Themen:<\/p>\n\n\n\n<p class=\"has-medium-font-size\"><strong>\u201eYoga \u2013 die Kraft in der Mitte st\u00e4rken\u201c<\/strong><br><strong>\u201eYoga und Beckenboden\u201c<\/strong><br><strong>\u201eViniyoga&#8220; &#8211; Yoga in der Tradition von T.Krishnamacarya und TKV.Desikachar<\/strong><\/p>\n\n\n\n<p class=\"has-medium-font-size\">Workshops f\u00fcr interessierte Yogapraktizierende, die in meiner Yogaschule in L\u00fcbeck stattfinden, werden auf meiner Website angek\u00fcndigt.<\/p>\n\n\n\n<p style=\"font-size:24px\">Supervision<\/p>\n\n\n\n<p class=\"has-medium-font-size\">Ich biete Supervision an f\u00fcr Yogalehrende, die ihr eigenes Lehren reflektieren und diskutieren m\u00f6chten. Im Austausch begegnen wir uns als Yogalehrerkolleginnen und Yogalehrerkollegen in lebenslangem Lernen. Supervision kann R\u00fcckversicherung geben f\u00fcr den yogatherapeutischen Einzelunterricht oder f\u00fcr den Gruppenunterricht oder in einer Situation, wo eine Yogapr\u00fcfung oder eine Vorstellstunde vorbereitet werden muss. <\/p>\n\n\n\n<p class=\"has-medium-font-size\">Supervision k\u00f6nnen Sie terminlich und\nvom zeitlichen Umfang her ganz individuell mit mir vereinbaren.&nbsp; <\/p>\n","protected":false},"excerpt":{"rendered":"<p>SEMINARE | SUPERVISION Seminare Ich biete als Referentin Wochenend- und Tagesseminare an f\u00fcr Yoga-Schulen, Yoga-Ausbildungsinstitute und Gruppen von Yogalehrenden zu folgenden Themen: \u201eYoga \u2013 die Kraft in der Mitte st\u00e4rken\u201c\u201eYoga und Beckenboden\u201c\u201eViniyoga&#8220; &#8211; Yoga in der Tradition von T.Krishnamacarya und TKV.Desikachar Workshops f\u00fcr interessierte Yogapraktizierende, die in meiner Yogaschule in L\u00fcbeck stattfinden, werden auf meiner [&hellip;]<\/p>\n","protected":false},"author":1,"featured_media":0,"parent":0,"menu_order":0,"comment_status":"closed","ping_status":"closed","template":"","meta":{"footnotes":""},"class_list":["post-111","page","type-page","status-publish","hentry","entry"],"jetpack_sharing_enabled":true,"_links":{"self":[{"href":"https:\/\/yogaluebeck.com\/index.php?rest_route=\/wp\/v2\/pages\/111","targetHints":{"allow":["GET"]}}],"collection":[{"href":"https:\/\/yogaluebeck.com\/index.php?rest_route=\/wp\/v2\/pages"}],"about":[{"href":"https:\/\/yogaluebeck.com\/index.php?rest_route=\/wp\/v2\/types\/page"}],"author":[{"embeddable":true,"href":"https:\/\/yogaluebeck.com\/index.php?rest_route=\/wp\/v2\/users\/1"}],"replies":[{"embeddable":true,"href":"https:\/\/yogaluebeck.com\/index.php?rest_route=%2Fwp%2Fv2%2Fcomments&post=111"}],"version-history":[{"count":21,"href":"https:\/\/yogaluebeck.com\/index.php?rest_route=\/wp\/v2\/pages\/111\/revisions"}],"predecessor-version":[{"id":457,"href":"https:\/\/yogaluebeck.com\/index.php?rest_route=\/wp\/v2\/pages\/111\/revisions\/457"}],"wp:attachment":[{"href":"https:\/\/yogaluebeck.com\/index.php?rest_route=%2Fwp%2Fv2%2Fmedia&parent=111"}],"curies":[{"name":"wp","href":"https:\/\/api.w.org\/{rel}","templated":true}]}}